{"id":203,"date":"2016-06-20T08:59:34","date_gmt":"2016-06-20T08:59:34","guid":{"rendered":"http:\/\/sw-themes.com\/porto_dummy\/?page_id=203"},"modified":"2022-04-21T13:30:20","modified_gmt":"2022-04-21T10:30:20","slug":"site-map","status":"publish","type":"page","link":"https:\/\/drmustafabayram.com\/eng\/site-map\/","title":{"rendered":"Site Map"},"content":{"rendered":"<p>[vc_row][vc_column width=&#8221;1\/2&#8243;][vc_column_text]<div class=\"wsp-container\"><ul class=\"wsp-pages-list\">\n<li class=\"page_item page-item-607\"><a href=\"https:\/\/drmustafabayram.com\/eng\/about-me\/\">About Me<\/a><\/li>\n<li class=\"page_item page-item-1042\"><a href=\"https:\/\/drmustafabayram.com\/eng\/acne-scar-acne-scar-treatment\/\">Acne Scar &#8211; Acne Scar Treatment<\/a><\/li>\n<li class=\"page_item page-item-1399\"><a href=\"https:\/\/drmustafabayram.com\/eng\/botox\/\">Botox<\/a><\/li>\n<li class=\"page_item page-item-1035\"><a href=\"https:\/\/drmustafabayram.com\/eng\/cellulite-mesotherapy\/\">Cellulite Mesotherapy<\/a><\/li>\n<li class=\"page_item page-item-1010\"><a href=\"https:\/\/drmustafabayram.com\/eng\/cheek-filling\/\">Cheek Filling<\/a><\/li>\n<li class=\"page_item page-item-1008\"><a href=\"https:\/\/drmustafabayram.com\/eng\/cheekbone-filling\/\">Cheekbone Filling<\/a><\/li>\n<li class=\"page_item page-item-1014\"><a href=\"https:\/\/drmustafabayram.com\/eng\/chin-filling\/\">Chin Filling<\/a><\/li>\n<li class=\"page_item page-item-596\"><a href=\"https:\/\/drmustafabayram.com\/eng\/contact\/\">Contact<\/a><\/li>\n<li class=\"page_item page-item-1044\"><a href=\"https:\/\/drmustafabayram.com\/eng\/dermaroller-dermapen-treatment\/\">Dermaroller-Dermapen Treatment<\/a><\/li>\n<li class=\"page_item page-item-1024\"><a href=\"https:\/\/drmustafabayram.com\/eng\/face-and-neck-lift-with-aptos\/\">Face and Neck Lift with APTOS<\/a><\/li>\n<li class=\"page_item page-item-1072\"><a href=\"https:\/\/drmustafabayram.com\/eng\/face-lift-with-dynamic-suspension\/\">Face Lift with Dynamic Suspension<\/a><\/li>\n<li class=\"page_item page-item-1029\"><a href=\"https:\/\/drmustafabayram.com\/eng\/face-lift-with-silhouette-soft\/\">Face Lift with Silhouette Soft<\/a><\/li>\n<li class=\"page_item page-item-1031\"><a href=\"https:\/\/drmustafabayram.com\/eng\/face-neck-decolletage-mesotherapy\/\">Face-Neck-Decolletage Mesotherapy<\/a><\/li>\n<li class=\"page_item page-item-1394\"><a href=\"https:\/\/drmustafabayram.com\/eng\/filling-applications\/\">Filling Applications<\/a><\/li>\n<li class=\"page_item page-item-1229\"><a href=\"https:\/\/drmustafabayram.com\/eng\/focus-ultrasound\/\">Focus Ultrasound<\/a><\/li>\n<li class=\"page_item page-item-1016\"><a href=\"https:\/\/drmustafabayram.com\/eng\/forehead-filling\/\">Forehead Filling<\/a><\/li>\n<li class=\"page_item page-item-1085\"><a href=\"https:\/\/drmustafabayram.com\/eng\/fractional-laser\/\">Fractional Laser<\/a><\/li>\n<li class=\"page_item page-item-1382\"><a href=\"https:\/\/drmustafabayram.com\/eng\/hair-mesotherapy\/\">Hair Mesotherapy<\/a><\/li>\n<li class=\"page_item page-item-143\"><a href=\"https:\/\/drmustafabayram.com\/eng\/\">Home<\/a><\/li>\n<li class=\"page_item page-item-719\"><a href=\"https:\/\/drmustafabayram.com\/eng\/legal-warning\/\">Legal warning!<\/a><\/li>\n<li class=\"page_item page-item-1038\"><a href=\"https:\/\/drmustafabayram.com\/eng\/leke-tedavisi\/\">Leke Tedavisi<\/a><\/li>\n<li class=\"page_item page-item-1002\"><a href=\"https:\/\/drmustafabayram.com\/eng\/lip-filling\/\">Lip Filling<\/a><\/li>\n<li class=\"page_item page-item-1386\"><a href=\"https:\/\/drmustafabayram.com\/eng\/medical-skin-care\/\">Medical Skin Care<\/a><\/li>\n<li class=\"page_item page-item-1091\"><a href=\"https:\/\/drmustafabayram.com\/eng\/micro-needle-treatment\/\">Micro Needle Treatment<\/a><\/li>\n<li class=\"page_item page-item-1012\"><a href=\"https:\/\/drmustafabayram.com\/eng\/nasolabial-filler\/\">Nasolabial Filler<\/a><\/li>\n<li class=\"page_item page-item-1276\"><a href=\"https:\/\/drmustafabayram.com\/eng\/nem-asisi\/\">Nem A\u015f\u0131s\u0131<\/a><\/li>\n<li class=\"page_item page-item-1006\"><a href=\"https:\/\/drmustafabayram.com\/eng\/nose-filling\/\">Nose Filling<\/a><\/li>\n<li class=\"page_item page-item-1022\"><a href=\"https:\/\/drmustafabayram.com\/eng\/over-sweating-treatment\/\">Over-Sweating Treatment<\/a><\/li>\n<li class=\"page_item page-item-1040\"><a href=\"https:\/\/drmustafabayram.com\/eng\/prp-treatment\/\">PRP Treatment<\/a><\/li>\n<li class=\"page_item page-item-1033\"><a href=\"https:\/\/drmustafabayram.com\/eng\/regional-thinning-with-mesotherapy\/\">Regional Thinning with Mesotherapy<\/a><\/li>\n<li class=\"page_item page-item-1099\"><a href=\"https:\/\/drmustafabayram.com\/eng\/sac-ekimi\/\">Sa\u00e7 Ekimi<\/a><\/li>\n<li class=\"page_item page-item-1101\"><a href=\"https:\/\/drmustafabayram.com\/eng\/sac-mezoterapisi\/\">Sa\u00e7 Mezoterapisi<\/a><\/li>\n<li class=\"page_item page-item-1103\"><a href=\"https:\/\/drmustafabayram.com\/eng\/sac-prp-tedavisi\/\">Sa\u00e7 PRP Tedavisi<\/a><\/li>\n<li class=\"page_item page-item-1046\"><a href=\"https:\/\/drmustafabayram.com\/eng\/salmon-dna-application\/\">Salmon DNA Application<\/a><\/li>\n<li class=\"page_item page-item-203\"><a href=\"https:\/\/drmustafabayram.com\/eng\/site-map\/\">Site Map<\/a><\/li>\n<li class=\"page_item page-item-1018\"><a href=\"https:\/\/drmustafabayram.com\/eng\/smart-fill-applications\/\">Smart Fill Applications<\/a><\/li>\n<li class=\"page_item page-item-1026\"><a href=\"https:\/\/drmustafabayram.com\/eng\/spider-web-aesthetics\/\">Spider Web Aesthetics<\/a><\/li>\n<li class=\"page_item page-item-1048\"><a href=\"https:\/\/drmustafabayram.com\/eng\/stem-cell-therapy\/\">Stem Cell Therapy<\/a><\/li>\n<li class=\"page_item page-item-1389\"><a href=\"https:\/\/drmustafabayram.com\/eng\/thread-face-lift\/\">Thread Face Lift<\/a><\/li>\n<li class=\"page_item page-item-1050\"><a href=\"https:\/\/drmustafabayram.com\/eng\/treatment-for-skin-cracks\/\">Treatment for Skin Cracks<\/a><\/li>\n<li class=\"page_item page-item-1004\"><a href=\"https:\/\/drmustafabayram.com\/eng\/under-eye-light-filling\/\">Under-Eye Light Filling<\/a><\/li>\n<li class=\"page_item page-item-647\"><a href=\"https:\/\/drmustafabayram.com\/eng\/video-galeri\/\">Video Galeri<\/a><\/li>\n<li class=\"page_item page-item-1282\"><a href=\"https:\/\/drmustafabayram.com\/eng\/wart-treatment\/\">Wart Treatment<\/a><\/li>\n<\/ul>\n<\/div>[\/vc_column_text][\/vc_column][vc_column width=&#8221;1\/2&#8243;][\/vc_column][\/vc_row]<\/p>\n","protected":false},"excerpt":{"rendered":"<p>[vc_row][vc_column width=&#8221;1\/2&#8243;][vc_column_text][\/vc_column_text][\/vc_column][vc_column width=&#8221;1\/2&#8243;][\/vc_column][\/vc_row]<\/p>\n","protected":false},"author":1,"featured_media":0,"parent":0,"menu_order":0,"comment_status":"closed","ping_status":"closed","template":"","meta":{"footnotes":""},"class_list":["post-203","page","type-page","status-publish","hentry"],"_links":{"self":[{"href":"https:\/\/drmustafabayram.com\/eng\/wp-json\/wp\/v2\/pages\/203","targetHints":{"allow":["GET"]}}],"collection":[{"href":"https:\/\/drmustafabayram.com\/eng\/wp-json\/wp\/v2\/pages"}],"about":[{"href":"https:\/\/drmustafabayram.com\/eng\/wp-json\/wp\/v2\/types\/page"}],"author":[{"embeddable":true,"href":"https:\/\/drmustafabayram.com\/eng\/wp-json\/wp\/v2\/users\/1"}],"replies":[{"embeddable":true,"href":"https:\/\/drmustafabayram.com\/eng\/wp-json\/wp\/v2\/comments?post=203"}],"version-history":[{"count":1,"href":"https:\/\/drmustafabayram.com\/eng\/wp-json\/wp\/v2\/pages\/203\/revisions"}],"predecessor-version":[{"id":1491,"href":"https:\/\/drmustafabayram.com\/eng\/wp-json\/wp\/v2\/pages\/203\/revisions\/1491"}],"wp:attachment":[{"href":"https:\/\/drmustafabayram.com\/eng\/wp-json\/wp\/v2\/media?parent=203"}],"curies":[{"name":"wp","href":"https:\/\/api.w.org\/{rel}","templated":true}]}}